{"id":2618,"date":"2013-01-03T05:33:20","date_gmt":"2013-01-03T10:33:20","guid":{"rendered":"http:\/\/mamaholistica.com\/?page_id=2618"},"modified":"2019-04-27T15:27:13","modified_gmt":"2019-04-27T20:27:13","slug":"contact-me","status":"publish","type":"page","link":"https:\/\/www.mamaholistica.com\/contact-me\/","title":{"rendered":"Contact Me"},"content":{"rendered":"<h2 style=\"text-align: justify;\"><img data-recalc-dims=\"1\" loading=\"lazy\" decoding=\"async\" data-attachment-id=\"9717\" data-permalink=\"https:\/\/www.mamaholistica.com\/en\/tips-para-una-piel-hermosa-por-profesionales-sorteo-verasqueesposible\/picmonkeyneu1collage\/\" data-orig-file=\"https:\/\/i0.wp.com\/www.mamaholistica.com\/wp-content\/uploads\/2016\/05\/PicMonkeyneu1Collage.jpg?fit=1937%2C2028&amp;ssl=1\" data-orig-size=\"1937,2028\" data-comments-opened=\"1\" data-image-meta=\"{&quot;aperture&quot;:&quot;0&quot;,&quot;credit&quot;:&quot;&quot;,&quot;camera&quot;:&quot;&quot;,&quot;caption&quot;:&quot;&quot;,&quot;created_timestamp&quot;:&quot;0&quot;,&quot;copyright&quot;:&quot;&quot;,&quot;focal_length&quot;:&quot;0&quot;,&quot;iso&quot;:&quot;0&quot;,&quot;shutter_speed&quot;:&quot;0&quot;,&quot;title&quot;:&quot;&quot;,&quot;orientation&quot;:&quot;0&quot;}\" data-image-title=\"Tips para una Piel Hermosa por Profesionales #VerasQueEsPosible\" data-image-description=\"\" data-image-caption=\"\" data-medium-file=\"https:\/\/i0.wp.com\/www.mamaholistica.com\/wp-content\/uploads\/2016\/05\/PicMonkeyneu1Collage.jpg?fit=287%2C300&amp;ssl=1\" data-large-file=\"https:\/\/i0.wp.com\/www.mamaholistica.com\/wp-content\/uploads\/2016\/05\/PicMonkeyneu1Collage.jpg?fit=474%2C496&amp;ssl=1\" class=\"aligncenter size-full wp-image-9717\" src=\"https:\/\/i0.wp.com\/www.mamaholistica.com\/wp-content\/uploads\/2016\/05\/PicMonkeyneu1Collage.jpg?resize=474%2C496&#038;ssl=1\" alt=\"Tips para una Piel Hermosa por Profesionales #VerasQueEsPosible\" width=\"474\" height=\"496\" srcset=\"https:\/\/i0.wp.com\/www.mamaholistica.com\/wp-content\/uploads\/2016\/05\/PicMonkeyneu1Collage.jpg?w=1937&amp;ssl=1 1937w, https:\/\/i0.wp.com\/www.mamaholistica.com\/wp-content\/uploads\/2016\/05\/PicMonkeyneu1Collage.jpg?resize=143%2C150&amp;ssl=1 143w, https:\/\/i0.wp.com\/www.mamaholistica.com\/wp-content\/uploads\/2016\/05\/PicMonkeyneu1Collage.jpg?resize=287%2C300&amp;ssl=1 287w, https:\/\/i0.wp.com\/www.mamaholistica.com\/wp-content\/uploads\/2016\/05\/PicMonkeyneu1Collage.jpg?resize=768%2C804&amp;ssl=1 768w, https:\/\/i0.wp.com\/www.mamaholistica.com\/wp-content\/uploads\/2016\/05\/PicMonkeyneu1Collage.jpg?resize=978%2C1024&amp;ssl=1 978w, https:\/\/i0.wp.com\/www.mamaholistica.com\/wp-content\/uploads\/2016\/05\/PicMonkeyneu1Collage.jpg?resize=150%2C157&amp;ssl=1 150w, https:\/\/i0.wp.com\/www.mamaholistica.com\/wp-content\/uploads\/2016\/05\/PicMonkeyneu1Collage.jpg?resize=600%2C628&amp;ssl=1 600w, https:\/\/i0.wp.com\/www.mamaholistica.com\/wp-content\/uploads\/2016\/05\/PicMonkeyneu1Collage.jpg?resize=300%2C314&amp;ssl=1 300w, https:\/\/i0.wp.com\/www.mamaholistica.com\/wp-content\/uploads\/2016\/05\/PicMonkeyneu1Collage.jpg?w=1422&amp;ssl=1 1422w\" sizes=\"auto, (max-width: 474px) 100vw, 474px\" \/><\/h2>\n<h4><strong><span style=\"color: #008000;\">Si deseas contactarte con Mam\u00e1 Hol\u00edstica puedes escribirnos en nuestros\u00a0E-mails :<\/span><\/strong><\/h4>\n<h4><\/h4>\n<h4 style=\"text-align: center;\"><span style=\"color: #ff00ff;\"><strong><span style=\"text-decoration: underline;\"><span style=\"text-decoration: underline;\"><span style=\"text-decoration: underline;\"><span style=\"text-decoration: underline;\"><a href=\"info@mamaholistica.com\" target=\"_blank\" rel=\"nofollow noopener noreferrer\"><span style=\"color: #ff00ff; text-decoration: underline;\">Info@mamaholistica.com<\/span><\/a><\/span><\/span><\/span><\/span><\/strong><\/span><\/h4>\n<h4 style=\"text-align: center;\"><a href=\"SYissele@mamaholistica.com\" rel=\"nofollow\"><span style=\"color: #ff00ff;\"><strong><span style=\"text-decoration: underline; color: #ff00ff;\"><span style=\"color: #008000; text-decoration: underline;\">SYissele@mamaholistica.com<\/span><\/span><\/strong><\/span><\/a><\/h4>\n<h4><\/h4>\n<h4><strong><span style=\"color: #008000;\">O encontrarnos en diferentes lugares como:<\/span><\/strong><\/h4>\n<h4><\/h4>\n<h4><strong><span style=\"color: #008000;\">Facebook Fan Page:<\/span><\/strong><\/h4>\n<h4 style=\"text-align: center;\"><strong><span style=\"text-decoration: underline; color: #ff00ff;\"><span style=\"text-decoration: underline;\"><a href=\"https:\/\/www.facebook.com\/MamaHolistica\" target=\"_blank\" rel=\"nofollow noopener noreferrer\"><span style=\"text-decoration: underline; color: #ff00ff;\">https:\/\/www.facebook.com\/MamaHolistica<\/span><\/a><\/span><\/span><\/strong><\/h4>\n<h4 style=\"text-align: left;\"><\/h4>\n<h4><strong><span style=\"color: #008000;\">Twitter:<\/span><\/strong><\/h4>\n<h4 style=\"text-align: center;\"><strong><span style=\"text-decoration: underline; color: #ff00ff;\"><span style=\"text-decoration: underline;\"><a href=\"https:\/\/twitter.com\/MamaHolistica\" target=\"_blank\" rel=\"nofollow noopener noreferrer\"><span style=\"text-decoration: underline; color: #ff00ff;\">@MamaHolistica<\/span><\/a><\/span><\/span><\/strong><\/h4>\n<h4 style=\"text-align: center;\"><strong><span style=\"text-decoration: underline; color: #ff00ff;\"><span style=\"text-decoration: underline;\"><a href=\"https:\/\/twitter.com\/MamaHolistica\" target=\"_blank\" rel=\"nofollow noopener noreferrer\"><span style=\"text-decoration: underline; color: #ff00ff;\">https:\/\/twitter.com\/MamaHolistica<\/span><\/a><\/span><\/span><\/strong><\/h4>\n<h4><\/h4>\n<h4><strong><span style=\"color: #008000;\">Pinterest: \u00a0<\/span><\/strong><\/h4>\n<h4 style=\"text-align: center;\"><strong><span style=\"color: #ff00ff;\"><span style=\"text-decoration: underline; color: #ff00ff;\"><span style=\"color: #008000; text-decoration: underline;\"><span style=\"color: #ff00ff; text-decoration: underline;\"><a href=\"http:\/\/pinterest.com\/mamaholistica\/\" target=\"_blank\" rel=\"nofollow noopener noreferrer\"><span style=\"color: #ff00ff; text-decoration: underline;\">http:\/\/pinterest.com\/mamaholistica\/<\/span><\/a><\/span><br \/>\n<\/span><\/span><\/span><\/strong><\/h4>\n<h4><strong>\u00a0<\/strong><\/h4>\n<h4><strong><span style=\"color: #008000;\">Instagram:<\/span><\/strong><\/h4>\n<p><a href=\"http:\/\/instagram.com\/mamaholistica\" rel=\"nofollow\"><img data-recalc-dims=\"1\" loading=\"lazy\" decoding=\"async\" data-attachment-id=\"11882\" data-permalink=\"https:\/\/www.mamaholistica.com\/contact-me\/mamaholisticaa_nametag\/\" data-orig-file=\"https:\/\/i0.wp.com\/www.mamaholistica.com\/wp-content\/uploads\/2019\/04\/mamaholisticaa_nametag.png?fit=1275%2C1275&amp;ssl=1\" data-orig-size=\"1275,1275\" data-comments-opened=\"1\" data-image-meta=\"{&quot;aperture&quot;:&quot;0&quot;,&quot;credit&quot;:&quot;&quot;,&quot;camera&quot;:&quot;&quot;,&quot;caption&quot;:&quot;&quot;,&quot;created_timestamp&quot;:&quot;0&quot;,&quot;copyright&quot;:&quot;&quot;,&quot;focal_length&quot;:&quot;0&quot;,&quot;iso&quot;:&quot;0&quot;,&quot;shutter_speed&quot;:&quot;0&quot;,&quot;title&quot;:&quot;&quot;,&quot;orientation&quot;:&quot;0&quot;}\" data-image-title=\"mamaholisticaa_nametag\" data-image-description=\"\" data-image-caption=\"\" data-medium-file=\"https:\/\/i0.wp.com\/www.mamaholistica.com\/wp-content\/uploads\/2019\/04\/mamaholisticaa_nametag.png?fit=300%2C300&amp;ssl=1\" data-large-file=\"https:\/\/i0.wp.com\/www.mamaholistica.com\/wp-content\/uploads\/2019\/04\/mamaholisticaa_nametag.png?fit=474%2C474&amp;ssl=1\" class=\"aligncenter wp-image-11882\" src=\"https:\/\/i0.wp.com\/www.mamaholistica.com\/wp-content\/uploads\/2019\/04\/mamaholisticaa_nametag.png?resize=327%2C327&#038;ssl=1\" alt=\"\" width=\"327\" height=\"327\" srcset=\"https:\/\/i0.wp.com\/www.mamaholistica.com\/wp-content\/uploads\/2019\/04\/mamaholisticaa_nametag.png?w=1275&amp;ssl=1 1275w, https:\/\/i0.wp.com\/www.mamaholistica.com\/wp-content\/uploads\/2019\/04\/mamaholisticaa_nametag.png?resize=150%2C150&amp;ssl=1 150w, https:\/\/i0.wp.com\/www.mamaholistica.com\/wp-content\/uploads\/2019\/04\/mamaholisticaa_nametag.png?resize=300%2C300&amp;ssl=1 300w, https:\/\/i0.wp.com\/www.mamaholistica.com\/wp-content\/uploads\/2019\/04\/mamaholisticaa_nametag.png?resize=768%2C768&amp;ssl=1 768w, https:\/\/i0.wp.com\/www.mamaholistica.com\/wp-content\/uploads\/2019\/04\/mamaholisticaa_nametag.png?resize=1024%2C1024&amp;ssl=1 1024w, https:\/\/i0.wp.com\/www.mamaholistica.com\/wp-content\/uploads\/2019\/04\/mamaholisticaa_nametag.png?resize=640%2C640&amp;ssl=1 640w, https:\/\/i0.wp.com\/www.mamaholistica.com\/wp-content\/uploads\/2019\/04\/mamaholisticaa_nametag.png?resize=144%2C144&amp;ssl=1 144w, https:\/\/i0.wp.com\/www.mamaholistica.com\/wp-content\/uploads\/2019\/04\/mamaholisticaa_nametag.png?w=948&amp;ssl=1 948w\" sizes=\"auto, (max-width: 327px) 100vw, 327px\" \/><\/a><\/p>\n<h4 style=\"text-align: center;\"><strong><span style=\"color: #ff00ff;\"><a href=\"http:\/\/instagram.com\/mamaholistica\" target=\"_blank\" rel=\"nofollow noopener noreferrer\"><span style=\"text-decoration: underline; color: #ff00ff;\">http:\/\/instagram.com\/mamaholistica<\/span><\/a><\/span><\/strong><\/h4>\n<h4><\/h4>\n<p>&nbsp;<\/p>\n<h4><strong>\u00a0<\/strong><\/h4>\n<h2><strong><span style=\"color: #003300;\">\u00a1MUCHAS GRACIAS!<\/span><\/strong><\/h2>\n<h2><i><img data-recalc-dims=\"1\" decoding=\"async\" src=\"https:\/\/i0.wp.com\/signatures.mylivesignature.com\/54489\/217\/755194EB606B2C750CC6F77474D72235.png?w=474\" alt=\"\" \/><\/i><\/h2>\n<p>&nbsp;<\/p>\n<!-- AddThis Advanced Settings generic via filter on the_content -->","protected":false},"excerpt":{"rendered":"<p>Si deseas contactarte con Mam\u00e1 Hol\u00edstica puedes escribirnos en nuestros\u00a0E-mails : Info@mamaholistica.com SYissele@mamaholistica.com O encontrarnos en diferentes lugares como: Facebook Fan Page: https:\/\/www.facebook.com\/MamaHolistica Twitter: @MamaHolistica https:\/\/twitter.com\/MamaHolistica Pinterest: \u00a0 http:\/\/pinterest.com\/mamaholistica\/ \u00a0 Instagram: http:\/\/instagram.com\/mamaholistica &nbsp; \u00a0 \u00a1MUCHAS GRACIAS! &nbsp;<!-- AddThis Advanced Settings generic via filter on wp_trim_excerpt --><\/p>\n","protected":false},"author":1,"featured_media":0,"parent":0,"menu_order":0,"comment_status":"open","ping_status":"closed","template":"","meta":{"footnotes":""},"class_list":["post-2618","page","type-page","status-publish","hentry"],"yoast_head":"<!-- This site is optimized with the Yoast SEO plugin v26.9 - https:\/\/yoast.com\/product\/yoast-seo-wordpress\/ -->\n<title>Contact Me - Mam\u00e1 Hol\u00edstica<\/title>\n<meta name=\"robots\" content=\"index, follow, max-snippet:-1, max-image-preview:large, max-video-preview:-1\" \/>\n<link rel=\"canonical\" href=\"https:\/\/www.mamaholistica.com\/en\/contact-me\/\" \/>\n<meta property=\"og:locale\" content=\"en_US\" \/>\n<meta property=\"og:type\" content=\"article\" \/>\n<meta property=\"og:title\" content=\"Contact Me - Mam\u00e1 Hol\u00edstica\" \/>\n<meta property=\"og:description\" content=\"Si deseas contactarte con Mam\u00e1 Hol\u00edstica puedes escribirnos en nuestros\u00a0E-mails : Info@mamaholistica.com SYissele@mamaholistica.com O encontrarnos en diferentes lugares como: Facebook Fan Page: https:\/\/www.facebook.com\/MamaHolistica Twitter: @MamaHolistica https:\/\/twitter.com\/MamaHolistica Pinterest: \u00a0 http:\/\/pinterest.com\/mamaholistica\/ \u00a0 Instagram: http:\/\/instagram.com\/mamaholistica &nbsp; \u00a0 \u00a1MUCHAS GRACIAS! &nbsp;\" \/>\n<meta property=\"og:url\" content=\"https:\/\/www.mamaholistica.com\/en\/contact-me\/\" \/>\n<meta property=\"og:site_name\" content=\"Mam\u00e1 Hol\u00edstica\" \/>\n<meta property=\"article:publisher\" content=\"https:\/\/www.facebook.com\/MamaHolistica\/?ref=hl\" \/>\n<meta property=\"article:modified_time\" content=\"2019-04-27T20:27:13+00:00\" \/>\n<meta property=\"og:image\" content=\"https:\/\/www.mamaholistica.com\/wp-content\/uploads\/2016\/05\/PicMonkeyneu1Collage.jpg\" \/>\n<meta name=\"twitter:card\" content=\"summary_large_image\" \/>\n<meta name=\"twitter:site\" content=\"@mamaholistica\" \/>\n<script type=\"application\/ld+json\" class=\"yoast-schema-graph\">{\"@context\":\"https:\/\/schema.org\",\"@graph\":[{\"@type\":\"WebPage\",\"@id\":\"https:\/\/www.mamaholistica.com\/en\/contact-me\/\",\"url\":\"https:\/\/www.mamaholistica.com\/en\/contact-me\/\",\"name\":\"Contact Me - Mam\u00e1 Hol\u00edstica\",\"isPartOf\":{\"@id\":\"https:\/\/www.mamaholistica.com\/en\/#website\"},\"primaryImageOfPage\":{\"@id\":\"https:\/\/www.mamaholistica.com\/en\/contact-me\/#primaryimage\"},\"image\":{\"@id\":\"https:\/\/www.mamaholistica.com\/en\/contact-me\/#primaryimage\"},\"thumbnailUrl\":\"https:\/\/www.mamaholistica.com\/wp-content\/uploads\/2016\/05\/PicMonkeyneu1Collage.jpg\",\"datePublished\":\"2013-01-03T10:33:20+00:00\",\"dateModified\":\"2019-04-27T20:27:13+00:00\",\"breadcrumb\":{\"@id\":\"https:\/\/www.mamaholistica.com\/en\/contact-me\/#breadcrumb\"},\"inLanguage\":\"en-US\",\"potentialAction\":[{\"@type\":\"ReadAction\",\"target\":[\"https:\/\/www.mamaholistica.com\/en\/contact-me\/\"]}]},{\"@type\":\"ImageObject\",\"inLanguage\":\"en-US\",\"@id\":\"https:\/\/www.mamaholistica.com\/en\/contact-me\/#primaryimage\",\"url\":\"https:\/\/i0.wp.com\/www.mamaholistica.com\/wp-content\/uploads\/2016\/05\/PicMonkeyneu1Collage.jpg?fit=1937%2C2028&ssl=1\",\"contentUrl\":\"https:\/\/i0.wp.com\/www.mamaholistica.com\/wp-content\/uploads\/2016\/05\/PicMonkeyneu1Collage.jpg?fit=1937%2C2028&ssl=1\",\"width\":1937,\"height\":2028},{\"@type\":\"BreadcrumbList\",\"@id\":\"https:\/\/www.mamaholistica.com\/en\/contact-me\/#breadcrumb\",\"itemListElement\":[{\"@type\":\"ListItem\",\"position\":1,\"name\":\"Home\",\"item\":\"https:\/\/www.mamaholistica.com\/en\/\"},{\"@type\":\"ListItem\",\"position\":2,\"name\":\"Contact Me\"}]},{\"@type\":\"WebSite\",\"@id\":\"https:\/\/www.mamaholistica.com\/en\/#website\",\"url\":\"https:\/\/www.mamaholistica.com\/en\/\",\"name\":\"Mam\u00e1 Hol\u00edstica\",\"description\":\"Latina, Blogger, Influencer, Social Media Marketing, Mam\u00e1 Hol\u00edstica,\",\"publisher\":{\"@id\":\"https:\/\/www.mamaholistica.com\/en\/#\/schema\/person\/a907844b4def8638dd8ae26f57d03862\"},\"potentialAction\":[{\"@type\":\"SearchAction\",\"target\":{\"@type\":\"EntryPoint\",\"urlTemplate\":\"https:\/\/www.mamaholistica.com\/en\/?s={search_term_string}\"},\"query-input\":{\"@type\":\"PropertyValueSpecification\",\"valueRequired\":true,\"valueName\":\"search_term_string\"}}],\"inLanguage\":\"en-US\"},{\"@type\":[\"Person\",\"Organization\"],\"@id\":\"https:\/\/www.mamaholistica.com\/en\/#\/schema\/person\/a907844b4def8638dd8ae26f57d03862\",\"name\":\"S. Yissele\",\"image\":{\"@type\":\"ImageObject\",\"inLanguage\":\"en-US\",\"@id\":\"https:\/\/www.mamaholistica.com\/en\/#\/schema\/person\/image\/\",\"url\":\"https:\/\/secure.gravatar.com\/avatar\/920386b2b7d59dc56cec98cf4ff2cf4f9f9edc64fb712fc0eeb6450b56c730ca?s=96&d=mm&r=g\",\"contentUrl\":\"https:\/\/secure.gravatar.com\/avatar\/920386b2b7d59dc56cec98cf4ff2cf4f9f9edc64fb712fc0eeb6450b56c730ca?s=96&d=mm&r=g\",\"caption\":\"S. Yissele\"},\"logo\":{\"@id\":\"https:\/\/www.mamaholistica.com\/en\/#\/schema\/person\/image\/\"},\"sameAs\":[\"https:\/\/www.mamaholistica.com\",\"https:\/\/www.facebook.com\/MamaHolistica\/?ref=hl\",\"https:\/\/x.com\/mamaholistica\"]}]}<\/script>\n<!-- \/ Yoast SEO plugin. -->","yoast_head_json":{"title":"Contact Me - Mam\u00e1 Hol\u00edstica","robots":{"index":"index","follow":"follow","max-snippet":"max-snippet:-1","max-image-preview":"max-image-preview:large","max-video-preview":"max-video-preview:-1"},"canonical":"https:\/\/www.mamaholistica.com\/en\/contact-me\/","og_locale":"en_US","og_type":"article","og_title":"Contact Me - Mam\u00e1 Hol\u00edstica","og_description":"Si deseas contactarte con Mam\u00e1 Hol\u00edstica puedes escribirnos en nuestros\u00a0E-mails : Info@mamaholistica.com SYissele@mamaholistica.com O encontrarnos en diferentes lugares como: Facebook Fan Page: https:\/\/www.facebook.com\/MamaHolistica Twitter: @MamaHolistica https:\/\/twitter.com\/MamaHolistica Pinterest: \u00a0 http:\/\/pinterest.com\/mamaholistica\/ \u00a0 Instagram: http:\/\/instagram.com\/mamaholistica &nbsp; \u00a0 \u00a1MUCHAS GRACIAS! &nbsp;","og_url":"https:\/\/www.mamaholistica.com\/en\/contact-me\/","og_site_name":"Mam\u00e1 Hol\u00edstica","article_publisher":"https:\/\/www.facebook.com\/MamaHolistica\/?ref=hl","article_modified_time":"2019-04-27T20:27:13+00:00","og_image":[{"url":"https:\/\/www.mamaholistica.com\/wp-content\/uploads\/2016\/05\/PicMonkeyneu1Collage.jpg","type":"","width":"","height":""}],"twitter_card":"summary_large_image","twitter_site":"@mamaholistica","schema":{"@context":"https:\/\/schema.org","@graph":[{"@type":"WebPage","@id":"https:\/\/www.mamaholistica.com\/en\/contact-me\/","url":"https:\/\/www.mamaholistica.com\/en\/contact-me\/","name":"Contact Me - Mam\u00e1 Hol\u00edstica","isPartOf":{"@id":"https:\/\/www.mamaholistica.com\/en\/#website"},"primaryImageOfPage":{"@id":"https:\/\/www.mamaholistica.com\/en\/contact-me\/#primaryimage"},"image":{"@id":"https:\/\/www.mamaholistica.com\/en\/contact-me\/#primaryimage"},"thumbnailUrl":"https:\/\/www.mamaholistica.com\/wp-content\/uploads\/2016\/05\/PicMonkeyneu1Collage.jpg","datePublished":"2013-01-03T10:33:20+00:00","dateModified":"2019-04-27T20:27:13+00:00","breadcrumb":{"@id":"https:\/\/www.mamaholistica.com\/en\/contact-me\/#breadcrumb"},"inLanguage":"en-US","potentialAction":[{"@type":"ReadAction","target":["https:\/\/www.mamaholistica.com\/en\/contact-me\/"]}]},{"@type":"ImageObject","inLanguage":"en-US","@id":"https:\/\/www.mamaholistica.com\/en\/contact-me\/#primaryimage","url":"https:\/\/i0.wp.com\/www.mamaholistica.com\/wp-content\/uploads\/2016\/05\/PicMonkeyneu1Collage.jpg?fit=1937%2C2028&ssl=1","contentUrl":"https:\/\/i0.wp.com\/www.mamaholistica.com\/wp-content\/uploads\/2016\/05\/PicMonkeyneu1Collage.jpg?fit=1937%2C2028&ssl=1","width":1937,"height":2028},{"@type":"BreadcrumbList","@id":"https:\/\/www.mamaholistica.com\/en\/contact-me\/#breadcrumb","itemListElement":[{"@type":"ListItem","position":1,"name":"Home","item":"https:\/\/www.mamaholistica.com\/en\/"},{"@type":"ListItem","position":2,"name":"Contact Me"}]},{"@type":"WebSite","@id":"https:\/\/www.mamaholistica.com\/en\/#website","url":"https:\/\/www.mamaholistica.com\/en\/","name":"Mam\u00e1 Hol\u00edstica","description":"Latina, Blogger, Influencer, Social Media Marketing, Mam\u00e1 Hol\u00edstica,","publisher":{"@id":"https:\/\/www.mamaholistica.com\/en\/#\/schema\/person\/a907844b4def8638dd8ae26f57d03862"},"potentialAction":[{"@type":"SearchAction","target":{"@type":"EntryPoint","urlTemplate":"https:\/\/www.mamaholistica.com\/en\/?s={search_term_string}"},"query-input":{"@type":"PropertyValueSpecification","valueRequired":true,"valueName":"search_term_string"}}],"inLanguage":"en-US"},{"@type":["Person","Organization"],"@id":"https:\/\/www.mamaholistica.com\/en\/#\/schema\/person\/a907844b4def8638dd8ae26f57d03862","name":"S. Yissele","image":{"@type":"ImageObject","inLanguage":"en-US","@id":"https:\/\/www.mamaholistica.com\/en\/#\/schema\/person\/image\/","url":"https:\/\/secure.gravatar.com\/avatar\/920386b2b7d59dc56cec98cf4ff2cf4f9f9edc64fb712fc0eeb6450b56c730ca?s=96&d=mm&r=g","contentUrl":"https:\/\/secure.gravatar.com\/avatar\/920386b2b7d59dc56cec98cf4ff2cf4f9f9edc64fb712fc0eeb6450b56c730ca?s=96&d=mm&r=g","caption":"S. Yissele"},"logo":{"@id":"https:\/\/www.mamaholistica.com\/en\/#\/schema\/person\/image\/"},"sameAs":["https:\/\/www.mamaholistica.com","https:\/\/www.facebook.com\/MamaHolistica\/?ref=hl","https:\/\/x.com\/mamaholistica"]}]}},"jetpack-related-posts":[],"jetpack_shortlink":"https:\/\/wp.me\/P4X4wZ-Ge","jetpack_sharing_enabled":true,"jetpack_likes_enabled":true,"_links":{"self":[{"href":"https:\/\/www.mamaholistica.com\/wp-json\/wp\/v2\/pages\/2618","targetHints":{"allow":["GET"]}}],"collection":[{"href":"https:\/\/www.mamaholistica.com\/wp-json\/wp\/v2\/pages"}],"about":[{"href":"https:\/\/www.mamaholistica.com\/wp-json\/wp\/v2\/types\/page"}],"author":[{"embeddable":true,"href":"https:\/\/www.mamaholistica.com\/wp-json\/wp\/v2\/users\/1"}],"replies":[{"embeddable":true,"href":"https:\/\/www.mamaholistica.com\/wp-json\/wp\/v2\/comments?post=2618"}],"version-history":[{"count":5,"href":"https:\/\/www.mamaholistica.com\/wp-json\/wp\/v2\/pages\/2618\/revisions"}],"predecessor-version":[{"id":11883,"href":"https:\/\/www.mamaholistica.com\/wp-json\/wp\/v2\/pages\/2618\/revisions\/11883"}],"wp:attachment":[{"href":"https:\/\/www.mamaholistica.com\/wp-json\/wp\/v2\/media?parent=2618"}],"curies":[{"name":"wp","href":"https:\/\/api.w.org\/{rel}","templated":true}]}}