{"id":6883,"date":"2012-12-05T09:46:49","date_gmt":"2012-12-05T14:46:49","guid":{"rendered":"http:\/\/mamiholistica.wordpress.com\/?page_id=2"},"modified":"2019-07-15T20:51:01","modified_gmt":"2019-07-16T01:51:01","slug":"about","status":"publish","type":"page","link":"https:\/\/www.mamaholistica.com\/about\/","title":{"rendered":"Acerca de mi"},"content":{"rendered":"<div>\n<p style=\"text-align: center;\"><i><span style=\"color: #6aa84f;\"><span style=\"font-family: Georgia, 'Times New Roman', serif; font-size: x-large;\"><b><a href=\"https:\/\/i0.wp.com\/www.mamaholistica.com\/wp-content\/uploads\/2014\/01\/1466092_625072957552448_1511992148_n.jpg?ssl=1\" rel=\"nofollow\"><img data-recalc-dims=\"1\" loading=\"lazy\" decoding=\"async\" data-attachment-id=\"8594\" data-permalink=\"https:\/\/www.mamaholistica.com\/about\/87d08fec24381b44c8034f7307539f65\/\" data-orig-file=\"https:\/\/i0.wp.com\/www.mamaholistica.com\/wp-content\/uploads\/2012\/12\/87d08fec24381b44c8034f7307539f65.jpeg?fit=320%2C320&amp;ssl=1\" data-orig-size=\"320,320\" data-comments-opened=\"1\" data-image-meta=\"{&quot;aperture&quot;:&quot;0&quot;,&quot;credit&quot;:&quot;&quot;,&quot;camera&quot;:&quot;&quot;,&quot;caption&quot;:&quot;&quot;,&quot;created_timestamp&quot;:&quot;0&quot;,&quot;copyright&quot;:&quot;&quot;,&quot;focal_length&quot;:&quot;0&quot;,&quot;iso&quot;:&quot;0&quot;,&quot;shutter_speed&quot;:&quot;0&quot;,&quot;title&quot;:&quot;&quot;,&quot;orientation&quot;:&quot;0&quot;}\" data-image-title=\"S. Yissele Gallo ~ Mam\u00e1 Hol\u00edstica\" data-image-description=\"\" data-image-caption=\"\" data-medium-file=\"https:\/\/i0.wp.com\/www.mamaholistica.com\/wp-content\/uploads\/2012\/12\/87d08fec24381b44c8034f7307539f65.jpeg?fit=300%2C300&amp;ssl=1\" data-large-file=\"https:\/\/i0.wp.com\/www.mamaholistica.com\/wp-content\/uploads\/2012\/12\/87d08fec24381b44c8034f7307539f65.jpeg?fit=320%2C320&amp;ssl=1\" class=\"aligncenter size-full wp-image-8594\" src=\"https:\/\/i0.wp.com\/www.mamaholistica.com\/wp-content\/uploads\/2012\/12\/87d08fec24381b44c8034f7307539f65.jpeg?resize=320%2C320&#038;ssl=1\" alt=\"S. Yissele Gallo ~ Mam\u00e1 Hol\u00edstica\" width=\"320\" height=\"320\" srcset=\"https:\/\/i0.wp.com\/www.mamaholistica.com\/wp-content\/uploads\/2012\/12\/87d08fec24381b44c8034f7307539f65.jpeg?w=320&amp;ssl=1 320w, https:\/\/i0.wp.com\/www.mamaholistica.com\/wp-content\/uploads\/2012\/12\/87d08fec24381b44c8034f7307539f65.jpeg?resize=150%2C150&amp;ssl=1 150w, https:\/\/i0.wp.com\/www.mamaholistica.com\/wp-content\/uploads\/2012\/12\/87d08fec24381b44c8034f7307539f65.jpeg?resize=300%2C300&amp;ssl=1 300w, https:\/\/i0.wp.com\/www.mamaholistica.com\/wp-content\/uploads\/2012\/12\/87d08fec24381b44c8034f7307539f65.jpeg?resize=190%2C190&amp;ssl=1 190w\" sizes=\"auto, (max-width: 320px) 100vw, 320px\" \/><\/a>\u00a0 \u00a0<\/b><\/span><\/span><\/i><\/p>\n<h1 class=\"entry-title\">\u00a1Hola a Todos!<\/h1>\n<p style=\"text-align: justify;\"><strong><span style=\"color: #339966;\">Mi nombre es S. Yissele y soy una madre, mujer, profesional y so\u00f1adora que busca ser completa y genial, aprendiendo d\u00eda a d\u00eda, comparto todo lo que me gusta en el blog, adoro a mi familia, el yoga, meditar, la comida latina, natural y org\u00e1nica, cocinar, escribir, dibujar, tomar fotos a todo lo que amo y m\u00e1s, me gusta mucho investigar y aprender siempre lo mejor para mi y mi familia, en mi b\u00fasqueda incluyo la espiritualidad y la paz interior, me encanta la medicina natural o Naturopat\u00eda, la medicina hol\u00edstica, el coaching ontol\u00f3gico o Life Coach, las ense\u00f1anzas de las culturas milenarias orientales, la vida saludable y los productos naturales. Tengo a mi Peque\u00f1a Genial que es mi compa\u00f1era incansable y c\u00f3mplice en todas mis aventuras, viajes y paseos. Como mensaje siempre tengo en cuenta que somos lo que pensamos, sentimos, hablamos y actuamos. <\/span><\/strong><\/p>\n<p style=\"text-align: justify;\"><strong><span style=\"color: #339966;\">\u00a1Bienvenidos y Muchas gracias por seguirnos, por sus visitas, comentarios,\u00a0clics! <\/span><\/strong><\/p>\n<p style=\"text-align: justify;\"><strong><span style=\"color: #339966;\">Si deseas contactarnos haz <\/span><span style=\"text-decoration: underline;\"><a href=\"http:\/\/mamaholistica.com\/contact-me\/\" target=\"_blank\" rel=\"nofollow noopener noreferrer\"><span style=\"text-decoration: underline;\">Click Aqu\u00ed<\/span><\/a>.<\/span><\/strong><\/p>\n<p style=\"text-align: justify;\"><strong><span style=\"color: #339966;\">Namaste!<\/span><\/strong><\/p>\n<\/div>\n<div>\n<p style=\"text-align: justify;\"><span style=\"color: #444444; font-family: Arial, Tahoma, Verdana;\"><img data-recalc-dims=\"1\" decoding=\"async\" src=\"https:\/\/i0.wp.com\/signatures.mylivesignature.com\/54489\/217\/755194EB606B2C750CC6F77474D72235.png?w=474\" alt=\"\" \/><\/span><\/p>\n<header class=\"entry-header\">\n<h1 class=\"entry-title\">Privacy Policy.<\/h1>\n<\/header>\n<div class=\"entry-content\">\n<p><b>MamaHolistica.com<\/b>\u00a0takes your privacy seriously. This privacy policy describes the personal information<br \/>\nwe collect and how we use it. See this privacy policy booklet for more information about privacy<br \/>\npolicies in general.<br \/>\nCompilation of Routine Information<br \/>\nAll web servers track basic information about their visitors. This information includes, but is not<br \/>\nlimited to, IP addresses, browser information, time settings and reference pages. None of this<br \/>\npersonal information can identify the specific visitors to this site. The information is recorded for<br \/>\nroutine management and maintenance purposes.<\/p>\n<h2>Cookies and Web Beacons<\/h2>\n<p>When necessary, MamaHolistica.com uses cookies to store information about visitor preferences and<br \/>\nhistory in order to better serve visitors and \/ or present the visitor with personalized content.<br \/>\nCollaborators in advertising and third parties may use cookies, scripts and \/ or web beacons to<br \/>\ntrack visitors to our site in order to display advertising and other useful information. Such<br \/>\nmonitoring is done directly by third parties through its own servers and is subject to its own<br \/>\nprivacy policies.<\/p>\n<h2>Control of your privacy<\/h2>\n<p>Please note that you can change your browser settings to disable cookies if you are concerned<br \/>\nabout your privacy. It is not recommended to disable cookies for all sites as it may interfere with<br \/>\nthe functioning of some sites. The best option is to enable or disable cookies site by site.<br \/>\nConsult the documentation of your browser for instructions on how to block cookies and other<br \/>\ntracking mechanisms. This list of links of administration of privacy of the navigator web also can<br \/>\nbe useful.<\/p>\n<h2>Special Note on Google advertising<\/h2>\n<p>Any advertising served by Google, Inc., and affiliated companies may be controlled using<br \/>\ncookies. These cookies allow Google to display ads based on your visits to this and other sites<br \/>\nthat use Google\u2019s advertising services. Learn how not to use Google cookies. As previously<br \/>\nmentioned, any tracking conducted by Google through cookies and other mechanisms is subject<br \/>\nto Google\u2019s privacy policies.<\/p>\n<h2>Contact information<\/h2>\n<p>Any concerns or questions about this privacy policy can be directed to info@mamaholistica.com and<br \/>\nwill be clarified.<\/p>\n<\/div>\n<\/div>\n<!-- AddThis Advanced Settings generic via filter on the_content -->","protected":false},"excerpt":{"rendered":"<p>\u00a0 \u00a0 \u00a1Hola a Todos! Mi nombre es S. Yissele y soy una madre, mujer, profesional y so\u00f1adora que busca ser completa y genial, aprendiendo d\u00eda a d\u00eda, comparto todo lo que me gusta en el blog, adoro a mi familia, el yoga, meditar, la comida latina, natural y org\u00e1nica, cocinar, escribir, dibujar, tomar fotos &hellip; <a href=\"https:\/\/www.mamaholistica.com\/about\/\" class=\"more-link\">Continue reading <span class=\"screen-reader-text\">Acerca de mi<\/span> <span class=\"meta-nav\">&rarr;<\/span><\/a><!-- AddThis Advanced Settings generic via filter on wp_trim_excerpt --><\/p>\n","protected":false},"author":1,"featured_media":0,"parent":0,"menu_order":0,"comment_status":"open","ping_status":"closed","template":"","meta":{"footnotes":""},"class_list":["post-6883","page","type-page","status-publish","hentry"],"yoast_head":"<!-- This site is optimized with the Yoast SEO plugin v26.9 - https:\/\/yoast.com\/product\/yoast-seo-wordpress\/ -->\n<title>Acerca de mi - Mam\u00e1 Hol\u00edstica<\/title>\n<meta name=\"robots\" content=\"index, follow, max-snippet:-1, max-image-preview:large, max-video-preview:-1\" \/>\n<link rel=\"canonical\" href=\"https:\/\/www.mamaholistica.com\/about\/\" \/>\n<meta property=\"og:locale\" content=\"en_US\" \/>\n<meta property=\"og:type\" content=\"article\" \/>\n<meta property=\"og:title\" content=\"Acerca de mi - Mam\u00e1 Hol\u00edstica\" \/>\n<meta property=\"og:description\" content=\"\u00a0 \u00a0 \u00a1Hola a Todos! Mi nombre es S. Yissele y soy una madre, mujer, profesional y so\u00f1adora que busca ser completa y genial, aprendiendo d\u00eda a d\u00eda, comparto todo lo que me gusta en el blog, adoro a mi familia, el yoga, meditar, la comida latina, natural y org\u00e1nica, cocinar, escribir, dibujar, tomar fotos &hellip; Continue reading Acerca de mi &rarr;\" \/>\n<meta property=\"og:url\" content=\"https:\/\/www.mamaholistica.com\/about\/\" \/>\n<meta property=\"og:site_name\" content=\"Mam\u00e1 Hol\u00edstica\" \/>\n<meta property=\"article:publisher\" content=\"https:\/\/www.facebook.com\/MamaHolistica\/?ref=hl\" \/>\n<meta property=\"article:modified_time\" content=\"2019-07-16T01:51:01+00:00\" \/>\n<meta property=\"og:image\" content=\"https:\/\/www.mamaholistica.com\/wp-content\/uploads\/2012\/12\/87d08fec24381b44c8034f7307539f65.jpeg\" \/>\n<meta name=\"twitter:card\" content=\"summary_large_image\" \/>\n<meta name=\"twitter:site\" content=\"@mamaholistica\" \/>\n<meta name=\"twitter:label1\" content=\"Est. reading time\" \/>\n\t<meta name=\"twitter:data1\" content=\"3 minutes\" \/>\n<script type=\"application\/ld+json\" class=\"yoast-schema-graph\">{\"@context\":\"https:\/\/schema.org\",\"@graph\":[{\"@type\":\"WebPage\",\"@id\":\"https:\/\/www.mamaholistica.com\/about\/\",\"url\":\"https:\/\/www.mamaholistica.com\/about\/\",\"name\":\"Acerca de mi - Mam\u00e1 Hol\u00edstica\",\"isPartOf\":{\"@id\":\"https:\/\/www.mamaholistica.com\/en\/#website\"},\"primaryImageOfPage\":{\"@id\":\"https:\/\/www.mamaholistica.com\/about\/#primaryimage\"},\"image\":{\"@id\":\"https:\/\/www.mamaholistica.com\/about\/#primaryimage\"},\"thumbnailUrl\":\"https:\/\/www.mamaholistica.com\/wp-content\/uploads\/2012\/12\/87d08fec24381b44c8034f7307539f65.jpeg\",\"datePublished\":\"2012-12-05T14:46:49+00:00\",\"dateModified\":\"2019-07-16T01:51:01+00:00\",\"breadcrumb\":{\"@id\":\"https:\/\/www.mamaholistica.com\/about\/#breadcrumb\"},\"inLanguage\":\"en-US\",\"potentialAction\":[{\"@type\":\"ReadAction\",\"target\":[\"https:\/\/www.mamaholistica.com\/about\/\"]}]},{\"@type\":\"ImageObject\",\"inLanguage\":\"en-US\",\"@id\":\"https:\/\/www.mamaholistica.com\/about\/#primaryimage\",\"url\":\"https:\/\/i0.wp.com\/www.mamaholistica.com\/wp-content\/uploads\/2012\/12\/87d08fec24381b44c8034f7307539f65.jpeg?fit=320%2C320&ssl=1\",\"contentUrl\":\"https:\/\/i0.wp.com\/www.mamaholistica.com\/wp-content\/uploads\/2012\/12\/87d08fec24381b44c8034f7307539f65.jpeg?fit=320%2C320&ssl=1\",\"width\":320,\"height\":320},{\"@type\":\"BreadcrumbList\",\"@id\":\"https:\/\/www.mamaholistica.com\/about\/#breadcrumb\",\"itemListElement\":[{\"@type\":\"ListItem\",\"position\":1,\"name\":\"Home\",\"item\":\"https:\/\/www.mamaholistica.com\/en\/\"},{\"@type\":\"ListItem\",\"position\":2,\"name\":\"Acerca de mi\"}]},{\"@type\":\"WebSite\",\"@id\":\"https:\/\/www.mamaholistica.com\/en\/#website\",\"url\":\"https:\/\/www.mamaholistica.com\/en\/\",\"name\":\"Mam\u00e1 Hol\u00edstica\",\"description\":\"Latina, Blogger, Influencer, Social Media Marketing, Mam\u00e1 Hol\u00edstica,\",\"publisher\":{\"@id\":\"https:\/\/www.mamaholistica.com\/en\/#\/schema\/person\/a907844b4def8638dd8ae26f57d03862\"},\"potentialAction\":[{\"@type\":\"SearchAction\",\"target\":{\"@type\":\"EntryPoint\",\"urlTemplate\":\"https:\/\/www.mamaholistica.com\/en\/?s={search_term_string}\"},\"query-input\":{\"@type\":\"PropertyValueSpecification\",\"valueRequired\":true,\"valueName\":\"search_term_string\"}}],\"inLanguage\":\"en-US\"},{\"@type\":[\"Person\",\"Organization\"],\"@id\":\"https:\/\/www.mamaholistica.com\/en\/#\/schema\/person\/a907844b4def8638dd8ae26f57d03862\",\"name\":\"S. Yissele\",\"image\":{\"@type\":\"ImageObject\",\"inLanguage\":\"en-US\",\"@id\":\"https:\/\/www.mamaholistica.com\/en\/#\/schema\/person\/image\/\",\"url\":\"https:\/\/secure.gravatar.com\/avatar\/920386b2b7d59dc56cec98cf4ff2cf4f9f9edc64fb712fc0eeb6450b56c730ca?s=96&d=mm&r=g\",\"contentUrl\":\"https:\/\/secure.gravatar.com\/avatar\/920386b2b7d59dc56cec98cf4ff2cf4f9f9edc64fb712fc0eeb6450b56c730ca?s=96&d=mm&r=g\",\"caption\":\"S. Yissele\"},\"logo\":{\"@id\":\"https:\/\/www.mamaholistica.com\/en\/#\/schema\/person\/image\/\"},\"sameAs\":[\"https:\/\/www.mamaholistica.com\",\"https:\/\/www.facebook.com\/MamaHolistica\/?ref=hl\",\"https:\/\/x.com\/mamaholistica\"]}]}<\/script>\n<!-- \/ Yoast SEO plugin. -->","yoast_head_json":{"title":"Acerca de mi - Mam\u00e1 Hol\u00edstica","robots":{"index":"index","follow":"follow","max-snippet":"max-snippet:-1","max-image-preview":"max-image-preview:large","max-video-preview":"max-video-preview:-1"},"canonical":"https:\/\/www.mamaholistica.com\/about\/","og_locale":"en_US","og_type":"article","og_title":"Acerca de mi - Mam\u00e1 Hol\u00edstica","og_description":"\u00a0 \u00a0 \u00a1Hola a Todos! Mi nombre es S. Yissele y soy una madre, mujer, profesional y so\u00f1adora que busca ser completa y genial, aprendiendo d\u00eda a d\u00eda, comparto todo lo que me gusta en el blog, adoro a mi familia, el yoga, meditar, la comida latina, natural y org\u00e1nica, cocinar, escribir, dibujar, tomar fotos &hellip; Continue reading Acerca de mi &rarr;","og_url":"https:\/\/www.mamaholistica.com\/about\/","og_site_name":"Mam\u00e1 Hol\u00edstica","article_publisher":"https:\/\/www.facebook.com\/MamaHolistica\/?ref=hl","article_modified_time":"2019-07-16T01:51:01+00:00","og_image":[{"url":"https:\/\/www.mamaholistica.com\/wp-content\/uploads\/2012\/12\/87d08fec24381b44c8034f7307539f65.jpeg","type":"","width":"","height":""}],"twitter_card":"summary_large_image","twitter_site":"@mamaholistica","twitter_misc":{"Est. reading time":"3 minutes"},"schema":{"@context":"https:\/\/schema.org","@graph":[{"@type":"WebPage","@id":"https:\/\/www.mamaholistica.com\/about\/","url":"https:\/\/www.mamaholistica.com\/about\/","name":"Acerca de mi - Mam\u00e1 Hol\u00edstica","isPartOf":{"@id":"https:\/\/www.mamaholistica.com\/en\/#website"},"primaryImageOfPage":{"@id":"https:\/\/www.mamaholistica.com\/about\/#primaryimage"},"image":{"@id":"https:\/\/www.mamaholistica.com\/about\/#primaryimage"},"thumbnailUrl":"https:\/\/www.mamaholistica.com\/wp-content\/uploads\/2012\/12\/87d08fec24381b44c8034f7307539f65.jpeg","datePublished":"2012-12-05T14:46:49+00:00","dateModified":"2019-07-16T01:51:01+00:00","breadcrumb":{"@id":"https:\/\/www.mamaholistica.com\/about\/#breadcrumb"},"inLanguage":"en-US","potentialAction":[{"@type":"ReadAction","target":["https:\/\/www.mamaholistica.com\/about\/"]}]},{"@type":"ImageObject","inLanguage":"en-US","@id":"https:\/\/www.mamaholistica.com\/about\/#primaryimage","url":"https:\/\/i0.wp.com\/www.mamaholistica.com\/wp-content\/uploads\/2012\/12\/87d08fec24381b44c8034f7307539f65.jpeg?fit=320%2C320&ssl=1","contentUrl":"https:\/\/i0.wp.com\/www.mamaholistica.com\/wp-content\/uploads\/2012\/12\/87d08fec24381b44c8034f7307539f65.jpeg?fit=320%2C320&ssl=1","width":320,"height":320},{"@type":"BreadcrumbList","@id":"https:\/\/www.mamaholistica.com\/about\/#breadcrumb","itemListElement":[{"@type":"ListItem","position":1,"name":"Home","item":"https:\/\/www.mamaholistica.com\/en\/"},{"@type":"ListItem","position":2,"name":"Acerca de mi"}]},{"@type":"WebSite","@id":"https:\/\/www.mamaholistica.com\/en\/#website","url":"https:\/\/www.mamaholistica.com\/en\/","name":"Mam\u00e1 Hol\u00edstica","description":"Latina, Blogger, Influencer, Social Media Marketing, Mam\u00e1 Hol\u00edstica,","publisher":{"@id":"https:\/\/www.mamaholistica.com\/en\/#\/schema\/person\/a907844b4def8638dd8ae26f57d03862"},"potentialAction":[{"@type":"SearchAction","target":{"@type":"EntryPoint","urlTemplate":"https:\/\/www.mamaholistica.com\/en\/?s={search_term_string}"},"query-input":{"@type":"PropertyValueSpecification","valueRequired":true,"valueName":"search_term_string"}}],"inLanguage":"en-US"},{"@type":["Person","Organization"],"@id":"https:\/\/www.mamaholistica.com\/en\/#\/schema\/person\/a907844b4def8638dd8ae26f57d03862","name":"S. Yissele","image":{"@type":"ImageObject","inLanguage":"en-US","@id":"https:\/\/www.mamaholistica.com\/en\/#\/schema\/person\/image\/","url":"https:\/\/secure.gravatar.com\/avatar\/920386b2b7d59dc56cec98cf4ff2cf4f9f9edc64fb712fc0eeb6450b56c730ca?s=96&d=mm&r=g","contentUrl":"https:\/\/secure.gravatar.com\/avatar\/920386b2b7d59dc56cec98cf4ff2cf4f9f9edc64fb712fc0eeb6450b56c730ca?s=96&d=mm&r=g","caption":"S. Yissele"},"logo":{"@id":"https:\/\/www.mamaholistica.com\/en\/#\/schema\/person\/image\/"},"sameAs":["https:\/\/www.mamaholistica.com","https:\/\/www.facebook.com\/MamaHolistica\/?ref=hl","https:\/\/x.com\/mamaholistica"]}]}},"jetpack-related-posts":[],"jetpack_shortlink":"https:\/\/wp.me\/P4X4wZ-1N1","jetpack_sharing_enabled":true,"jetpack_likes_enabled":true,"_links":{"self":[{"href":"https:\/\/www.mamaholistica.com\/wp-json\/wp\/v2\/pages\/6883","targetHints":{"allow":["GET"]}}],"collection":[{"href":"https:\/\/www.mamaholistica.com\/wp-json\/wp\/v2\/pages"}],"about":[{"href":"https:\/\/www.mamaholistica.com\/wp-json\/wp\/v2\/types\/page"}],"author":[{"embeddable":true,"href":"https:\/\/www.mamaholistica.com\/wp-json\/wp\/v2\/users\/1"}],"replies":[{"embeddable":true,"href":"https:\/\/www.mamaholistica.com\/wp-json\/wp\/v2\/comments?post=6883"}],"version-history":[{"count":6,"href":"https:\/\/www.mamaholistica.com\/wp-json\/wp\/v2\/pages\/6883\/revisions"}],"predecessor-version":[{"id":11981,"href":"https:\/\/www.mamaholistica.com\/wp-json\/wp\/v2\/pages\/6883\/revisions\/11981"}],"wp:attachment":[{"href":"https:\/\/www.mamaholistica.com\/wp-json\/wp\/v2\/media?parent=6883"}],"curies":[{"name":"wp","href":"https:\/\/api.w.org\/{rel}","templated":true}]}}